{"id":11,"date":"2024-01-15T12:30:19","date_gmt":"2024-01-15T11:30:19","guid":{"rendered":"http:\/\/misa.vrankova-devel2.cz\/subdom\/misa\/?page_id=11"},"modified":"2024-01-25T15:04:14","modified_gmt":"2024-01-25T14:04:14","slug":"blog","status":"publish","type":"page","link":"https:\/\/misa.vrankova-devel2.cz\/subdom\/misa\/blog\/","title":{"rendered":"Blog"},"content":{"rendered":"\n<div class=\"wp-block-columns are-vertically-aligned-center is-layout-flex wp-container-core-columns-is-layout-9d6595d7 wp-block-columns-is-layout-flex\">\n<div class=\"wp-block-column is-vertically-aligned-center is-layout-flow wp-block-column-is-layout-flow\" style=\"flex-basis:66.66%\">\n<p>O pr\u00edstupnosti p\u00ed\u0161em na blogu <a href=\"https:\/\/technologiebezzraku.sk\/\">Technol\u00f3gie bez zraku<\/a>. <\/p>\n\n\n\n<p>N\u00e1jdete tu:<\/p>\n\n\n\n<ul class=\"wp-block-list\">\n<li>sk\u00fasenosti s pou\u017e\u00edvan\u00edm softwaru a hardwaru vr\u00e1tane pom\u00f4cok pre zrakovo postihnut\u00fdch<\/li>\n\n\n\n<li>recenzie produktov, ktor\u00e9 pou\u017e\u00edvam a ktor\u00e9 som vysk\u00fa\u0161ala<\/li>\n\n\n\n<li>newsletter s novinkami zo sveta pr\u00edstupnosti<\/li>\n<\/ul>\n<\/div>\n\n\n\n<div class=\"wp-block-column is-vertically-aligned-center is-layout-flow wp-block-column-is-layout-flow\" style=\"flex-basis:33.33%\"><div class=\"wp-block-image\">\n<figure class=\"aligncenter size-full\"><img loading=\"lazy\" decoding=\"async\" width=\"256\" height=\"256\" src=\"https:\/\/misa.vrankova-devel2.cz\/subdom\/misa\/wp-content\/uploads\/2024\/01\/logo-tbz-256.png\" alt=\"\" class=\"wp-image-221\"\/><\/figure>\n<\/div><\/div>\n<\/div>\n","protected":false},"excerpt":{"rendered":"<p>O pr\u00edstupnosti p\u00ed\u0161em na blogu Technol\u00f3gie bez zraku. N\u00e1jdete tu:<\/p>\n","protected":false},"author":1,"featured_media":0,"parent":0,"menu_order":4,"comment_status":"closed","ping_status":"closed","template":"","meta":{"inline_featured_image":false,"footnotes":""},"class_list":["post-11","page","type-page","status-publish"],"_links":{"self":[{"href":"https:\/\/misa.vrankova-devel2.cz\/subdom\/misa\/wp-json\/wp\/v2\/pages\/11","targetHints":{"allow":["GET"]}}],"collection":[{"href":"https:\/\/misa.vrankova-devel2.cz\/subdom\/misa\/wp-json\/wp\/v2\/pages"}],"about":[{"href":"https:\/\/misa.vrankova-devel2.cz\/subdom\/misa\/wp-json\/wp\/v2\/types\/page"}],"author":[{"embeddable":true,"href":"https:\/\/misa.vrankova-devel2.cz\/subdom\/misa\/wp-json\/wp\/v2\/users\/1"}],"replies":[{"embeddable":true,"href":"https:\/\/misa.vrankova-devel2.cz\/subdom\/misa\/wp-json\/wp\/v2\/comments?post=11"}],"version-history":[{"count":6,"href":"https:\/\/misa.vrankova-devel2.cz\/subdom\/misa\/wp-json\/wp\/v2\/pages\/11\/revisions"}],"predecessor-version":[{"id":222,"href":"https:\/\/misa.vrankova-devel2.cz\/subdom\/misa\/wp-json\/wp\/v2\/pages\/11\/revisions\/222"}],"wp:attachment":[{"href":"https:\/\/misa.vrankova-devel2.cz\/subdom\/misa\/wp-json\/wp\/v2\/media?parent=11"}],"curies":[{"name":"wp","href":"https:\/\/api.w.org\/{rel}","templated":true}]}}