{"id":127,"date":"2024-01-22T17:34:24","date_gmt":"2024-01-22T16:34:24","guid":{"rendered":"http:\/\/misa.vrankova-devel2.cz\/subdom\/misa\/?page_id=127"},"modified":"2024-12-11T11:39:51","modified_gmt":"2024-12-11T10:39:51","slug":"sluzby","status":"publish","type":"page","link":"https:\/\/misa.vrankova-devel2.cz\/subdom\/misa\/sluzby\/","title":{"rendered":"Slu\u017eby"},"content":{"rendered":"<ul class=\"simpletoc-list\">\n<li><a href=\"#posudenie-pristupnosti-pre-pouzivatelov-citaca-obrazovky\">Pos\u00fadenie pr\u00edstupnosti pre pou\u017e\u00edvate\u013eov \u010d\u00edta\u010da obrazovky<\/a>\n\n\n<\/li>\n\n<li><a href=\"#technicka-a-obsahova-pristupnost-skolenie\">Technick\u00e1 a obsahov\u00e1 pr\u00edstupnos\u0165 \u2013 \u0161kolenie<\/a>\n\n\n<\/li>\n\n<li><a href=\"#efektivna-praca-s-citacom-nvda-skolenie\">Efekt\u00edvna pr\u00e1ca s \u010d\u00edta\u010dom NVDA \u2013 \u0161kolenie<\/a>\n\n\n<\/li>\n\n<li><a href=\"#prepis-audionahravok-do-textovej-podoby\">Prepis audionahr\u00e1vok do textovej podoby<\/a>\n\n\n<\/li>\n<\/li>\n<\/ul>\n<\/li><\/ul>\n\n\n<h2 class=\"wp-block-heading\" id=\"posudenie-pristupnosti-pre-pouzivatelov-citaca-obrazovky\">Pos\u00fadenie pr\u00edstupnosti pre pou\u017e\u00edvate\u013eov \u010d\u00edta\u010da obrazovky<\/h2>\n\n\n\n<p>Viem tak Va\u0161u str\u00e1nku zhodnoti\u0165, \u010di je pr\u00edstupn\u00e1 aj pre nevidiaceho n\u00e1v\u0161tevn\u00edka jednak z poh\u013eadu legislat\u00edvy a odborn\u00e9ho h\u013eadiska, ale aj zo strany dennodenn\u00e9ho pou\u017e\u00edvate\u013ea asisten\u010dnej technol\u00f3gie. To je pre v\u00e1s nesporn\u00e1 v\u00fdhoda, preto\u017ee dostanete prakticky dve slu\u017eby v jednom.<\/p>\n\n\n\n<h3 class=\"wp-block-heading\" id=\"co-to-obnasa\">\u010co to obn\u00e1\u0161a?<\/h3>\n\n\n\n<ul class=\"wp-block-list\">\n<li>Zhodnotenie pr\u00edstupnosti prihl\u00e1senia \/ registr\u00e1cie a to najm\u00e4 overovanie cez recaptchu.<\/li>\n\n\n\n<li>Zhodnotenie pr\u00edstupnosti tla\u010didiel, odkazov, edita\u010dn\u00fdch pol\u00ed, za\u010diarkavac\u00edch pol\u00ed, prep\u00edna\u010dov, grafick\u00fdch prvkov, popisov obr\u00e1zkov, \u0161trukt\u00fary nadpisov, oblast\u00ed str\u00e1nky, ovl\u00e1dania prostredn\u00edctvom kl\u00e1vesnice.<\/li>\n\n\n\n<li>V pr\u00edpade mobiln\u00fdch aplik\u00e1ci\u00ed pos\u00fadenie reakcie \u010d\u00edta\u010da obrazovky na dotyk, popis a spr\u00e1vnu funk\u010dnos\u0165 edita\u010dn\u00fdch pol\u00ed, prep\u00edna\u010dov, za\u010diarkavac\u00edch pol\u00ed, tla\u010didiel, pohybu po nadpisoch, funk\u010dnosti odkazov.<\/li>\n\n\n\n<li>Zhodnotenie celkov\u00e9ho komfortu orient\u00e1cie na str\u00e1nke alebo v mobilnej aplik\u00e1cii.<\/li>\n\n\n\n<li>Navrhnutie rie\u0161en\u00ed na zlep\u0161enie alebo \u00fapln\u00e9 spr\u00edstupnenie testovan\u00e9ho prostredia formou p\u00edsomnej spr\u00e1vy alebo webin\u00e1ra alebo obidvoch.<\/li>\n\n\n\n<li>Kontrola zapracovan\u00fdch \u00faprav.<\/li>\n<\/ul>\n\n\n\n<h3 class=\"wp-block-heading\" id=\"ceny-pre-rok-2024\">Ceny pre rok 2024<\/h3>\n\n\n\n<ul class=\"wp-block-list\">\n<li>Audit \u2013 20 \u20ac \/ hodina<\/li>\n\n\n\n<li>Webin\u00e1r s odovzdan\u00edm v\u00fdsledkov \u2013 25 \u20ac \/ hodina<\/li>\n<\/ul>\n\n\n\n<div class=\"wp-block-buttons is-layout-flex wp-block-buttons-is-layout-flex\">\n<div class=\"wp-block-button\"><a class=\"wp-block-button__link wp-element-button\" href=\"mailto:dlha.michaela@gmail.com?subject=Pos\u00fadenie pr\u00edstupnosti pre pou\u017e\u00edvate\u013eov \u010d\u00edta\u010da obrazovky\">Chcem audit<\/a><\/div>\n<\/div>\n\n\n\n<h2 class=\"wp-block-heading\" id=\"technicka-a-obsahova-pristupnost-skolenie\">Technick\u00e1 a obsahov\u00e1 pr\u00edstupnos\u0165 \u2013 \u0161kolenie<\/h2>\n\n\n\n<p>Radi by ste vytv\u00e1rali pr\u00edstupn\u00e9 weby a obsah, ale neviete, \u010do to obn\u00e1\u0161a? Na \u0161kolen\u00ed sa spolu nau\u010d\u00edme, ak\u00fdm sp\u00f4sobom vytv\u00e1ra\u0165 a upravova\u0165 weby, mobiln\u00e9 aplik\u00e1cie alebo dokumenty tak, aby boli pr\u00edstupn\u00e9 pre pou\u017e\u00edvate\u013eov \u010d\u00edta\u010dov obrazovky a zv\u00e4\u010d\u0161ovac\u00edch softwarov.<\/p>\n\n\n\n<h3 class=\"wp-block-heading\" id=\"preberieme\">Preberieme:<\/h3>\n\n\n\n<ul class=\"wp-block-list\">\n<li>\u010co je pr\u00edstupnos\u0165 verzus dostupnos\u0165, sp\u00f4sob pr\u00e1ce s \u010d\u00edta\u010dom obrazovky, dostupnos\u0165 a ovl\u00e1date\u013enos\u0165 z kl\u00e1vesnice.<\/li>\n\n\n\n<li>Pr\u00edstupnos\u0165 na \u00farovni k\u00f3du \u2013 oblasti webu, nadpisov\u00e1 \u0161trukt\u00fara v \u0161abl\u00f3ne, formul\u00e1rov\u00e9 prvky, dial\u00f3gy, menu a podmenu, spr\u00e1vne formulovan\u00e9 odkazy a kontrast a vhodn\u00e9 p\u00edsmo.<\/li>\n\n\n\n<li>Obsahov\u00e1 pr\u00edstupnos\u0165 \u2013 nadpisov\u00e1 \u0161trukt\u00fara v \u010dl\u00e1nkoch, spr\u00e1vne naformulovan\u00e9 odkazy, aria-label, pou\u017e\u00edvanie \u0161t\u00fdlov pre zoznamy a tabu\u013eky.<\/li>\n<\/ul>\n\n\n\n<h3 class=\"wp-block-heading\" id=\"ceny-pre-rok-2024\">Ceny pre rok 2024<\/h3>\n\n\n\n<ul class=\"wp-block-list\">\n<li>Trvanie: 3 hodiny<\/li>\n\n\n\n<li>Cena: 90 \u20ac<\/li>\n<\/ul>\n\n\n\n<div class=\"wp-block-buttons is-layout-flex wp-block-buttons-is-layout-flex\">\n<div class=\"wp-block-button\"><a class=\"wp-block-button__link wp-element-button\" href=\"mailto:dlha.michaela@gmail.com?subject=\u0160kolenie - Technick\u00e1 a obsahov\u00e1 pr\u00edstupnos\u0165\">Chcem \u0161kolenie<\/a><\/div>\n<\/div>\n\n\n\n<h2 class=\"wp-block-heading\" id=\"efektivna-praca-s-citacom-nvda-skolenie\">Efekt\u00edvna pr\u00e1ca s \u010d\u00edta\u010dom NVDA \u2013 \u0161kolenie<\/h2>\n\n\n\n<p>Ak v\u00e1m z hocijak\u00e9ho d\u00f4vodu rob\u00ed probl\u00e9m aj s kompenza\u010dn\u00fdmi pom\u00f4ckami pre\u010d\u00edta\u0165 text na webe \u010di pracova\u0165 s po\u010d\u00edta\u010dom, mo\u017eno je \u010das zamyslie\u0165 sa nad t\u00fdm, \u010di nie je vhodn\u00e9 nau\u010di\u0165 sa pracova\u0165 plnohodnotne s \u010d\u00edta\u010dom obrazovky.<\/p>\n\n\n\n<p>Pr\u00edpadne ste webov\u00fd v\u00fdvoj\u00e1r a radi by ste si overili samotestom aj so screen readerom, ako na tom va\u0161a webov\u00e1 str\u00e1nka je z poh\u013eadu pr\u00edstupnosti.<\/p>\n\n\n\n<p>Pr\u00e1ve pre v\u00e1s je vhodn\u00e9 toto \u0161kolenie.<\/p>\n\n\n\n<h3 class=\"wp-block-heading\" id=\"naucim-vas\">Nau\u010d\u00edm v\u00e1s:<\/h3>\n\n\n\n<ul class=\"wp-block-list\">\n<li>\u010co je to \u010d\u00edta\u010d obrazovky, ako funguje.<\/li>\n\n\n\n<li>Z\u00e1kladn\u00fd pohyb v dokumente a na webe s \u010d\u00edta\u010dom NVDA.<\/li>\n\n\n\n<li>Ak\u00fd je rozdiel medzi formul\u00e1rov\u00fdm a prehliadac\u00edm re\u017eimom \u010d\u00edta\u010da NVDA.<\/li>\n\n\n\n<li>Skratky u\u013eah\u010duj\u00face pohyb po nadpisoch, odkazoch, formul\u00e1rov\u00fdch prvkoch, oblastiach,<\/li>\n\n\n\n<li>Ako vyu\u017ei\u0165 objektov\u00fa navig\u00e1ciu.<\/li>\n\n\n\n<li>Povieme si nie\u010do o u\u017eito\u010dn\u00fdch doplnkoch NVDA.<\/li>\n<\/ul>\n\n\n\n<h3 class=\"wp-block-heading\" id=\"ceny-pre-rok-2024\">Ceny pre rok 2024<\/h3>\n\n\n\n<ul class=\"wp-block-list\">\n<li>Trvanie \u2013 2 x 2,5 hodiny<\/li>\n\n\n\n<li>Cena:\n<ul class=\"wp-block-list\">\n<li>Be\u017en\u00e1 cena: 2 x 75 \u20ac (predplati\u0165 sa d\u00e1 prv\u00fd aj druh\u00fd blok zvl\u00e1\u0161\u0165), pri predplaten\u00ed cel\u00e9ho \u0161kolenia <strong>135 \u20ac<\/strong>.<\/li>\n\n\n\n<li>Cena pre dr\u017eite\u013eov preukazu \u0164ZPS: 2 x 40 \u20ac, predplati\u0165 sa d\u00e1 prv\u00fd aj druh\u00fd blok zvl\u00e1\u0161\u0165, pri predplaten\u00ed cel\u00e9ho \u0161kolenia <strong>65 \u20ac<\/strong><\/li>\n<\/ul>\n<\/li>\n<\/ul>\n\n\n\n<p>V pr\u00edpade firemn\u00fdch \u0161kolen\u00ed si cenu dohodneme na mieru.<\/p>\n\n\n\n<div class=\"wp-block-buttons is-layout-flex wp-block-buttons-is-layout-flex\">\n<div class=\"wp-block-button\"><a class=\"wp-block-button__link wp-element-button\" href=\"mailto:dlha.michaela@gmail.com?subject=\u0160kolenie - Efekt\u00edvna pr\u00e1ca s \u010d\u00edta\u010dom NVDA\">Chcem \u0161kolenie<\/a><\/div>\n<\/div>\n\n\n\n<h2 class=\"wp-block-heading\" id=\"prepis-audionahravok-do-textovej-podoby\">Prepis audionahr\u00e1vok do textovej podoby<\/h2>\n\n\n\n<p>Od roku 2015 sa profesion\u00e1lne venujem prepisu audionahr\u00e1vok do textovej podoby. M\u00e1m sk\u00fasenosti s tvorbou pozn\u00e1mok pre \u0161tudentov so \u0161pecifick\u00fdmi potrebami \u2013 s poruchou jemnej motoriky, pr\u00edpadne nedosl\u00fdchav\u00fdch a nepo\u010duj\u00facich \u013eud\u00ed pod\u013ea \u0161tandardov spr\u00edstup\u0148ovania inform\u00e1ci\u00ed pre dan\u00fa skupinu. Takisto som sa podie\u013eala na tvorbe v\u00fdstupov z konferencie pre nedosl\u00fdchav\u00fdch a \u00faplne nepo\u010duj\u00facich \u00fa\u010dastn\u00edkov.<\/p>\n\n\n\n<p>Pozn\u00e1m z\u00e1sady \u0161tylistiky a form\u00e1lnu podobu v\u00fdstupov pre zrakovo znev\u00fdhodnen\u00fdch \u010ditate\u013eov, preto\u017ee sa venujem takisto publikovaniu \u010dl\u00e1nkov v oblasti pr\u00edstupnosti IT.<\/p>\n\n\n\n<p>Od roku 2016 prepisujem nahr\u00e1vky spravodajsk\u00fdch rel\u00e1ci\u00ed, politick\u00fdch a odborn\u00fdch diskusi\u00ed do textovej podoby. Viem tak prep\u00edsa\u0165 nahr\u00e1vky z Va\u0161ich v\u00fdskumov, rozhovorov alebo podcastov pod\u013ea Vami zadan\u00fdch krit\u00e9ri\u00ed. Pri prepisoch nevyu\u017e\u00edvam \u017eiadne programy, ktor\u00e9 prepis urobia za m\u0148a. Ka\u017ed\u00fa nahr\u00e1vku prepisujem ru\u010dne, aby bol v\u00fdstup \u010do najvernej\u0161\u00ed a najkvalitnej\u0161\u00ed.<\/p>\n\n\n\n<h3 class=\"wp-block-heading\" id=\"co-zahrna-prepis-audionahravky-do-textu\">\u010co zah\u0155\u0148a prepis audionahr\u00e1vky do textu?<\/h3>\n\n\n\n<ul class=\"wp-block-list\">\n<li>Dohodneme si formu spr\u00edstupnenia nahr\u00e1vky.<\/li>\n\n\n\n<li>Prepis pod\u013ea Vami zadan\u00fdch krit\u00e9ri\u00ed.<\/li>\n\n\n\n<li>Kontrolu form\u00e1lnej str\u00e1nky a spr\u00e1vnosti prepisu.<\/li>\n\n\n\n<li>Odovzdanie v dohodnutom \u010dase.<\/li>\n<\/ul>\n\n\n\n<p>Viac o tom, ako prepis prebieha a ak\u00e9 technick\u00e9 prostriedky vyu\u017e\u00edvam, n\u00e1jdete na webovej str\u00e1nke Technologie bez zraku v \u010dl\u00e1nku <a href=\"https:\/\/technologiebezzraku.sk\/2021\/08\/06\/prepis-zvukovych-nahravok-do-textu-z-pohladu-prepisovatela\/\">Prepis zvukov\u00fdch nahr\u00e1vok do textu z poh\u013eadu prepisovate\u013ea<\/a>.<\/p>\n\n\n\n<h3 class=\"wp-block-heading\" id=\"ceny-pre-rok-2024\">Ceny pre rok 2024<\/h3>\n\n\n\n<ul class=\"wp-block-list\">\n<li>Do 20 min\u00fat \u2013 2 \u20ac \/ min\u00fata (r\u00e1ta sa ka\u017ed\u00e1 za\u010dat\u00e1 min\u00fata z\u00e1znamu)<\/li>\n\n\n\n<li>Nad 20 min\u00fat \u2013 1,50 \u20ac \/ min\u00fata (po\u010d\u00edta sa ka\u017ed\u00e1 za\u010dat\u00e1 min\u00fata z\u00e1znamu)<\/li>\n<\/ul>\n\n\n\n<div class=\"wp-block-buttons is-layout-flex wp-block-buttons-is-layout-flex\">\n<div class=\"wp-block-button\"><a class=\"wp-block-button__link wp-element-button\" href=\"mailto:dlha.michaela@gmail.com?subject=Prepis audionahr\u00e1vok do textovej podoby\">Chcem prepis<\/a><\/div>\n<\/div>\n","protected":false},"excerpt":{"rendered":"<p>Pos\u00fadenie pr\u00edstupnosti pre pou\u017e\u00edvate\u013eov \u010d\u00edta\u010da obrazovky Viem tak Va\u0161u str\u00e1nku zhodnoti\u0165, \u010di je pr\u00edstupn\u00e1 aj pre nevidiaceho n\u00e1v\u0161tevn\u00edka jednak z poh\u013eadu legislat\u00edvy a odborn\u00e9ho h\u013eadiska, ale aj zo strany dennodenn\u00e9ho pou\u017e\u00edvate\u013ea asisten\u010dnej technol\u00f3gie. To je pre v\u00e1s nesporn\u00e1 v\u00fdhoda, preto\u017ee dostanete prakticky dve slu\u017eby v jednom. \u010co to obn\u00e1\u0161a? Ceny pre rok 2024 Technick\u00e1 a &#8230; <a title=\"Slu\u017eby\" class=\"read-more\" href=\"https:\/\/misa.vrankova-devel2.cz\/subdom\/misa\/sluzby\/\" aria-label=\"Pre\u010d\u00edtajte si viac o Slu\u017eby\">\u010c\u00edta\u0165 viac<\/a><\/p>\n","protected":false},"author":1,"featured_media":0,"parent":0,"menu_order":3,"comment_status":"closed","ping_status":"closed","template":"","meta":{"inline_featured_image":false,"footnotes":""},"class_list":["post-127","page","type-page","status-publish"],"_links":{"self":[{"href":"https:\/\/misa.vrankova-devel2.cz\/subdom\/misa\/wp-json\/wp\/v2\/pages\/127","targetHints":{"allow":["GET"]}}],"collection":[{"href":"https:\/\/misa.vrankova-devel2.cz\/subdom\/misa\/wp-json\/wp\/v2\/pages"}],"about":[{"href":"https:\/\/misa.vrankova-devel2.cz\/subdom\/misa\/wp-json\/wp\/v2\/types\/page"}],"author":[{"embeddable":true,"href":"https:\/\/misa.vrankova-devel2.cz\/subdom\/misa\/wp-json\/wp\/v2\/users\/1"}],"replies":[{"embeddable":true,"href":"https:\/\/misa.vrankova-devel2.cz\/subdom\/misa\/wp-json\/wp\/v2\/comments?post=127"}],"version-history":[{"count":21,"href":"https:\/\/misa.vrankova-devel2.cz\/subdom\/misa\/wp-json\/wp\/v2\/pages\/127\/revisions"}],"predecessor-version":[{"id":426,"href":"https:\/\/misa.vrankova-devel2.cz\/subdom\/misa\/wp-json\/wp\/v2\/pages\/127\/revisions\/426"}],"wp:attachment":[{"href":"https:\/\/misa.vrankova-devel2.cz\/subdom\/misa\/wp-json\/wp\/v2\/media?parent=127"}],"curies":[{"name":"wp","href":"https:\/\/api.w.org\/{rel}","templated":true}]}}