{"id":13,"date":"2024-01-15T12:53:47","date_gmt":"2024-01-15T11:53:47","guid":{"rendered":"http:\/\/misa.vrankova-devel2.cz\/subdom\/misa\/?page_id=13"},"modified":"2024-05-29T17:44:49","modified_gmt":"2024-05-29T15:44:49","slug":"kontakt","status":"publish","type":"page","link":"https:\/\/misa.vrankova-devel2.cz\/subdom\/misa\/kontakt\/","title":{"rendered":"Kontakt"},"content":{"rendered":"\n<div class=\"wp-block-columns are-vertically-aligned-center contact-info is-layout-flex wp-container-core-columns-is-layout-9d6595d7 wp-block-columns-is-layout-flex\">\n<div class=\"wp-block-column is-vertically-aligned-center is-layout-flow wp-block-column-is-layout-flow\" style=\"flex-basis:33.33%\"><div class=\"wp-block-image\">\n<figure class=\"alignleft size-full\"><img loading=\"lazy\" decoding=\"async\" width=\"320\" height=\"320\" src=\"https:\/\/misa.vrankova-devel2.cz\/subdom\/misa\/wp-content\/uploads\/2024\/01\/Michaela.jpg\" alt=\"\" class=\"wp-image-60\" srcset=\"https:\/\/misa.vrankova-devel2.cz\/subdom\/misa\/wp-content\/uploads\/2024\/01\/Michaela.jpg 320w, https:\/\/misa.vrankova-devel2.cz\/subdom\/misa\/wp-content\/uploads\/2024\/01\/Michaela-300x300.jpg 300w\" sizes=\"auto, (max-width: 320px) 100vw, 320px\" \/><\/figure>\n<\/div><\/div>\n\n\n\n<div class=\"wp-block-column is-vertically-aligned-center is-layout-flow wp-block-column-is-layout-flow\" style=\"flex-basis:66.66%\">\n<h2 id=\"mgr-michaela-dlha\" class=\"wp-block-heading\">Mgr. Michaela Dlh\u00e1<\/h2>\n\n\n\n<ul class=\"wp-block-list\">\n<li><strong>S\u00eddlo:<\/strong> Hrachovi\u0161te 260, 91616 Slovensk\u00e1 republika<\/li>\n\n\n\n<li><strong>I\u010cO:<\/strong> 55973698<\/li>\n\n\n\n<li><strong>DI\u010c:<\/strong> 1081059826<\/li>\n\n\n\n<li><strong>I\u010c DPH:<\/strong> SK1081059826<\/li>\n\n\n\n<li><strong>E-mail:<\/strong> <a href=\"mailto:dlha.michaela@gmail.com\" target=\"_blank\" rel=\"noreferrer noopener\">dlha.michaela@gmail.com<\/a><\/li>\n\n\n\n<li><strong>Telef\u00f3n:<\/strong> <a href=\"tel:+421918132871\">(+421) 918 132 871<\/a><\/li>\n\n\n\n<li><strong>LinkedIn:<\/strong> <a href=\"https:\/\/www.linkedin.com\/in\/michaela-dlh\u00e1-367796207\">Profil Michaela Dlh\u00e1<\/a><\/li>\n<\/ul>\n\n\n\n<p>Fyzick\u00e1 osoba zap\u00edsan\u00e1 v \u017dR Okresn\u00e9ho \u00faradu Nov\u00e9 Mesto nad V\u00e1hom \u010d. 320-25992 od 1.1.2024<\/p>\n<\/div>\n<\/div>\n\n\n\n<p>Ak si chcete dohodn\u00fa\u0165 spolupr\u00e1cu alebo m\u00e1te ak\u00e9ko\u013evek ot\u00e1zky, po\u0161lite mi <a href=\"dlha.michaela@gmail.com\">e-mail<\/a> alebo vypl\u0148te kontaktn\u00fd formul\u00e1r ni\u017e\u0161ie.<\/p>\n\n\n\n<div class=\"wpcf7 no-js\" id=\"wpcf7-f351-o1\" lang=\"sk-SK\" dir=\"ltr\" data-wpcf7-id=\"351\">\n<div class=\"screen-reader-response\"><p role=\"status\" aria-live=\"polite\" aria-atomic=\"true\"><\/p> <ul><\/ul><\/div>\n<form action=\"\/subdom\/misa\/wp-json\/wp\/v2\/pages\/13#wpcf7-f351-o1\" method=\"post\" class=\"wpcf7-form init\" aria-label=\"Kontaktn\u00fd formul\u00e1r\" novalidate=\"novalidate\" data-status=\"init\">\n<fieldset class=\"hidden-fields-container\"><input type=\"hidden\" name=\"_wpcf7\" value=\"351\" \/><input type=\"hidden\" name=\"_wpcf7_version\" value=\"6.1.5\" \/><input type=\"hidden\" name=\"_wpcf7_locale\" value=\"sk_SK\" \/><input type=\"hidden\" name=\"_wpcf7_unit_tag\" value=\"wpcf7-f351-o1\" \/><input type=\"hidden\" name=\"_wpcf7_container_post\" value=\"0\" \/><input type=\"hidden\" name=\"_wpcf7_posted_data_hash\" value=\"\" \/>\n<\/fieldset>\n<div class=\"wpcf7-response-output\" aria-hidden=\"true\"><\/div>\n<fieldset>\n\t<p><label for=\"name\">Meno a priezvisko (vy\u017eaduje sa)<\/label><br \/>\n<span class=\"wpcf7-form-control-wrap\" data-name=\"your-name\"><input size=\"40\" maxlength=\"400\" class=\"wpcf7-form-control wpcf7-text wpcf7-validates-as-required\" id=\"name\" aria-required=\"true\" aria-invalid=\"false\" value=\"\" type=\"text\" name=\"your-name\" \/><\/span>\n\t<\/p>\n\t<p><label for=\"email\">E-mail (vy\u017eaduje sa)<\/label><br \/>\n<span class=\"wpcf7-form-control-wrap\" data-name=\"your-email\"><input size=\"40\" maxlength=\"400\" class=\"wpcf7-form-control wpcf7-email wpcf7-validates-as-required wpcf7-text wpcf7-validates-as-email\" id=\"email\" aria-required=\"true\" aria-invalid=\"false\" value=\"\" type=\"email\" name=\"your-email\" \/><\/span>\n\t<\/p>\n\t<p><label for=\"subject\">Spr\u00e1va<\/label><br \/>\n<span class=\"wpcf7-form-control-wrap\" data-name=\"your-subject\"><input size=\"40\" maxlength=\"400\" class=\"wpcf7-form-control wpcf7-text\" id=\"subject\" aria-invalid=\"false\" value=\"\" type=\"text\" name=\"your-subject\" \/><\/span>\n\t<\/p>\n\t<p><label for=\"math\">S\u00fa\u010det 3 a 4<\/label><br \/>\n<span class=\"wpcf7-form-control-wrap\" data-name=\"math\"><label><span class=\"wpcf7-quiz-label\"><\/span> <input size=\"40\" class=\"wpcf7-form-control wpcf7-quiz\" autocomplete=\"off\" aria-required=\"true\" aria-invalid=\"false\" type=\"text\" name=\"math\" \/><\/label><input type=\"hidden\" name=\"_wpcf7_quiz_answer_math\" value=\"539e827e190b640802fe24037782aa3d\" \/><\/span>\n\t<\/p>\n<\/fieldset>\n<p>Odoslan\u00edm formul\u00e1ra s\u00fahlas\u00edte so spracovan\u00edm svojich osobn\u00fdch \u00fadajov.\n<\/p>\n<p><input class=\"wpcf7-form-control wpcf7-submit has-spinner\" type=\"submit\" value=\"Odeslat\" \/>\n<\/p>\n<\/form>\n<\/div>\n\n","protected":false},"excerpt":{"rendered":"<p>Mgr. Michaela Dlh\u00e1 Fyzick\u00e1 osoba zap\u00edsan\u00e1 v \u017dR Okresn\u00e9ho \u00faradu Nov\u00e9 Mesto nad V\u00e1hom \u010d. 320-25992 od 1.1.2024 Ak si chcete dohodn\u00fa\u0165 spolupr\u00e1cu alebo m\u00e1te ak\u00e9ko\u013evek ot\u00e1zky, po\u0161lite mi e-mail alebo vypl\u0148te kontaktn\u00fd formul\u00e1r ni\u017e\u0161ie.<\/p>\n","protected":false},"author":1,"featured_media":0,"parent":0,"menu_order":5,"comment_status":"closed","ping_status":"closed","template":"","meta":{"inline_featured_image":false,"footnotes":""},"class_list":["post-13","page","type-page","status-publish"],"_links":{"self":[{"href":"https:\/\/misa.vrankova-devel2.cz\/subdom\/misa\/wp-json\/wp\/v2\/pages\/13","targetHints":{"allow":["GET"]}}],"collection":[{"href":"https:\/\/misa.vrankova-devel2.cz\/subdom\/misa\/wp-json\/wp\/v2\/pages"}],"about":[{"href":"https:\/\/misa.vrankova-devel2.cz\/subdom\/misa\/wp-json\/wp\/v2\/types\/page"}],"author":[{"embeddable":true,"href":"https:\/\/misa.vrankova-devel2.cz\/subdom\/misa\/wp-json\/wp\/v2\/users\/1"}],"replies":[{"embeddable":true,"href":"https:\/\/misa.vrankova-devel2.cz\/subdom\/misa\/wp-json\/wp\/v2\/comments?post=13"}],"version-history":[{"count":36,"href":"https:\/\/misa.vrankova-devel2.cz\/subdom\/misa\/wp-json\/wp\/v2\/pages\/13\/revisions"}],"predecessor-version":[{"id":361,"href":"https:\/\/misa.vrankova-devel2.cz\/subdom\/misa\/wp-json\/wp\/v2\/pages\/13\/revisions\/361"}],"wp:attachment":[{"href":"https:\/\/misa.vrankova-devel2.cz\/subdom\/misa\/wp-json\/wp\/v2\/media?parent=13"}],"curies":[{"name":"wp","href":"https:\/\/api.w.org\/{rel}","templated":true}]}}