{"id":25,"date":"2024-01-15T13:09:12","date_gmt":"2024-01-15T12:09:12","guid":{"rendered":"http:\/\/misa.vrankova-devel2.cz\/subdom\/misa\/?page_id=25"},"modified":"2024-12-17T16:33:16","modified_gmt":"2024-12-17T15:33:16","slug":"uvodna-stranka","status":"publish","type":"page","link":"https:\/\/misa.vrankova-devel2.cz\/subdom\/misa\/","title":{"rendered":"\u00davodn\u00e1 str\u00e1nka"},"content":{"rendered":"\n<div class=\"wp-block-columns are-vertically-aligned-center home-intro is-layout-flex wp-container-core-columns-is-layout-9d6595d7 wp-block-columns-is-layout-flex\">\n<div class=\"wp-block-column is-vertically-aligned-center is-layout-flow wp-block-column-is-layout-flow\" style=\"flex-basis:66.66%\">\n<h1 id=\"ahoj-som-michaela-dlha\" class=\"wp-block-heading\"><small>Ahoj, som<\/small> Michaela Dlh\u00e1<\/h1>\n\n\n\n<p style=\"font-size:1.5rem\">a som \u0161pecialista na pr\u00edstupnos\u0165 webu. <\/p>\n<\/div>\n\n\n\n<div class=\"wp-block-column is-vertically-aligned-center is-layout-flow wp-block-column-is-layout-flow\" style=\"flex-basis:33.33%\">\n<figure class=\"wp-block-image size-full\"><img loading=\"lazy\" decoding=\"async\" width=\"320\" height=\"320\" src=\"https:\/\/misa.vrankova-devel2.cz\/subdom\/misa\/wp-content\/uploads\/2024\/01\/Michaela.jpg\" alt=\"\" class=\"wp-image-60\" srcset=\"https:\/\/misa.vrankova-devel2.cz\/subdom\/misa\/wp-content\/uploads\/2024\/01\/Michaela.jpg 320w, https:\/\/misa.vrankova-devel2.cz\/subdom\/misa\/wp-content\/uploads\/2024\/01\/Michaela-300x300.jpg 300w\" sizes=\"auto, (max-width: 320px) 100vw, 320px\" \/><\/figure>\n<\/div>\n<\/div>\n\n\n\n<p>Mojou v\u00fdhodou je, \u017ee dok\u00e1\u017eem testova\u0165 web aj mobiln\u00fa aplik\u00e1ciu nielen z h\u013eadiska povinn\u00e9ho s\u00faladu so z\u00e1konmi, ale aj ako re\u00e1lny pou\u017e\u00edvate\u013e \u010d\u00edta\u010da obrazovky.<\/p>\n\n\n\n<p>Som <a href=\"https:\/\/certification.nvaccess.org\/\">NVDA 2019 a 2022 certified expert<\/a>. V s\u00fa\u010dasnosti sa pripravujem na sk\u00fa\u0161ky <a href=\"https:\/\/www.accessibilityassociation.org\/s\/wascertification\">Web Accesibility Specialist<\/a>. <\/p>\n\n\n\n<div class=\"wp-block-columns is-layout-flex wp-container-core-columns-is-layout-9d6595d7 wp-block-columns-is-layout-flex\">\n<div class=\"wp-block-column is-layout-flow wp-block-column-is-layout-flow\">\n<p class=\"has-text-align-center has-large-font-size\"><img loading=\"lazy\" decoding=\"async\" width=\"100\" height=\"100\" class=\"wp-image-280\" style=\"width: 100px;\" src=\"https:\/\/misa.vrankova-devel2.cz\/subdom\/misa\/wp-content\/uploads\/2024\/02\/icon-web-tests.png\" alt=\"\"><br><strong>30+<\/strong><\/p>\n\n\n\n<p class=\"has-text-align-center has-medium-font-size\">otestovan\u00fdch web\u016f<\/p>\n<\/div>\n\n\n\n<div class=\"wp-block-column is-layout-flow wp-block-column-is-layout-flow\">\n<p class=\"has-text-align-center has-large-font-size\"><img loading=\"lazy\" decoding=\"async\" width=\"100\" height=\"100\" class=\"wp-image-279\" style=\"width: 100px;\" src=\"https:\/\/misa.vrankova-devel2.cz\/subdom\/misa\/wp-content\/uploads\/2024\/02\/icon-training.png\" alt=\"\"><br><strong>60+<\/strong><\/p>\n\n\n\n<p class=\"has-text-align-center has-medium-font-size\">pre\u0161kolen\u00fdch z\u00e1ujemcov<\/p>\n<\/div>\n\n\n\n<div class=\"wp-block-column is-layout-flow wp-block-column-is-layout-flow\">\n<p class=\"has-text-align-center has-large-font-size\"><img loading=\"lazy\" decoding=\"async\" width=\"100\" height=\"100\" class=\"wp-image-278\" style=\"width: 100px;\" src=\"https:\/\/misa.vrankova-devel2.cz\/subdom\/misa\/wp-content\/uploads\/2024\/02\/icon-audio.png\" alt=\"\"><br><strong>10.000+<\/strong><\/p>\n\n\n\n<p class=\"has-text-align-center has-medium-font-size\">hod\u00edn prepisu zvuku<\/p>\n<\/div>\n<\/div>\n\n\n\n<h2 id=\"preco-pristupnost\" class=\"wp-block-heading\">Pre\u010do pr\u00edstupnos\u0165<\/h2>\n\n\n\n<p>Pr\u00edstupnos\u0165 je jedn\u00fdm zo z\u00e1kladn\u00fdch pilierov dobr\u00e9ho webu aj mobilnej aplik\u00e1cie. Zaru\u010duje toti\u017e pou\u017eite\u013enos\u0165 pre \u0161irok\u00fa \u0161k\u00e1lu pou\u017e\u00edvate\u013eov vr\u00e1tane \u013eud\u00ed so znev\u00fdhodnen\u00edm, pri\u010dom z jej v\u00fdhod \u010derp\u00e1 aj v\u00e4\u010d\u0161inov\u00e1 spolo\u010dnos\u0165.<\/p>\n\n\n\n<p>Neexistuje toti\u017e len trval\u00e9 znev\u00fdhodnenie (zrakov\u00e9, sluchov\u00e9, telesn\u00e9 \u010di kognit\u00edvne), ale aj do\u010dasn\u00e9 (zlomen\u00e1 ruka, oslepenie slnkom, unaven\u00e9 alebo zap\u00e1len\u00e9 o\u010di, zabudnut\u00e1 my\u0161 a podobne). Pr\u00edstupn\u00e9 weby a aplik\u00e1cie ocenia napr\u00edklad aj seniori, ktor\u00ed \u017eiadne znev\u00fdhodnenie neprizn\u00e1vaj\u00fa.<\/p>\n\n\n\n<h2 id=\"s-cim-vam-viem-pomoct\" class=\"wp-block-heading\">S \u010d\u00edm v\u00e1m viem pom\u00f4c\u0165<\/h2>\n\n\n\n<h3 id=\"posudenie-pristupnosti\" class=\"wp-block-heading\">Pos\u00fadenie pr\u00edstupnosti<\/h3>\n\n\n\n<div class=\"wp-block-columns is-layout-flex wp-container-core-columns-is-layout-9d6595d7 wp-block-columns-is-layout-flex\">\n<div class=\"wp-block-column is-layout-flow wp-block-column-is-layout-flow\">\n<p>Zhodnot\u00edm pr\u00edstupnos\u0165 pre nevidiaceho n\u00e1v\u0161tevn\u00edka jednak z poh\u013eadu odborn\u00e9ho h\u013eadiska, aj zo strany dennodenn\u00e9ho pou\u017e\u00edvate\u013ea asisten\u010dnej technol\u00f3gie.<\/p>\n<\/div>\n\n\n\n<div class=\"wp-block-column is-vertically-aligned-bottom is-layout-flow wp-block-column-is-layout-flow\">\n<div class=\"wp-block-buttons is-content-justification-center is-layout-flex wp-container-core-buttons-is-layout-e1485a7b wp-block-buttons-is-layout-flex\">\n<div class=\"wp-block-button is-style-outline is-style-outline--1\"><a class=\"wp-block-button__link wp-element-button\" href=\"https:\/\/misa.vrankova-devel2.cz\/subdom\/misa\/sluzby\/#posudenie-pristupnosti-pre-pouzivatelov-citaca-obrazovky\">Ako hodnot\u00edm weby<\/a><\/div>\n<\/div>\n<\/div>\n<\/div>\n\n\n\n<h3 id=\"skolenie\" class=\"wp-block-heading\">\u0160kolenie<\/h3>\n\n\n\n<div class=\"wp-block-columns is-layout-flex wp-container-core-columns-is-layout-9d6595d7 wp-block-columns-is-layout-flex\">\n<div class=\"wp-block-column is-layout-flow wp-block-column-is-layout-flow\">\n<p>Pon\u00fakam v\u00e1m \u0161kolenie:<\/p>\n\n\n\n<ul class=\"wp-block-list\">\n<li>Technick\u00e1 a obsahov\u00e1 pr\u00edstupnos\u0165<\/li>\n\n\n\n<li>Efekt\u00edvna pr\u00e1ca s \u010d\u00edta\u010dom NVDA<\/li>\n<\/ul>\n<\/div>\n\n\n\n<div class=\"wp-block-column is-vertically-aligned-bottom is-layout-flow wp-block-column-is-layout-flow\">\n<div class=\"wp-block-buttons is-content-justification-center is-layout-flex wp-container-core-buttons-is-layout-16018d1d wp-block-buttons-is-layout-flex\">\n<div class=\"wp-block-button is-style-outline is-style-outline--2\"><a class=\"wp-block-button__link wp-element-button\" href=\"https:\/\/misa.vrankova-devel2.cz\/subdom\/misa\/sluzby\/#technicka-a-obsahova-pristupnost-skolenie\">Vy\u0161kol\u00edm v\u00e1s<\/a><\/div>\n<\/div>\n<\/div>\n<\/div>\n\n\n\n<h3 id=\"prepis-audionahravok\" class=\"wp-block-heading\">Prepis audionahr\u00e1vok<\/h3>\n\n\n\n<div class=\"wp-block-columns is-layout-flex wp-container-core-columns-is-layout-9d6595d7 wp-block-columns-is-layout-flex\">\n<div class=\"wp-block-column is-layout-flow wp-block-column-is-layout-flow\">\n<p>Zvukov\u00fa nahr\u00e1vku pre v\u00e1s prep\u00ed\u0161em do textovej podoby pod\u013ea vami zadan\u00fdch krit\u00e9ri\u00ed.<\/p>\n<\/div>\n\n\n\n<div class=\"wp-block-column is-vertically-aligned-bottom is-layout-flow wp-block-column-is-layout-flow\">\n<div class=\"wp-block-buttons is-content-justification-center is-layout-flex wp-container-core-buttons-is-layout-16018d1d wp-block-buttons-is-layout-flex\">\n<div class=\"wp-block-button is-style-outline is-style-outline--3\"><a class=\"wp-block-button__link wp-element-button\" href=\"https:\/\/misa.vrankova-devel2.cz\/subdom\/misa\/sluzby\/#prepis-audionahravok-do-textovej-podoby\">Prepis zvuku odo m\u0148a<\/a><\/div>\n<\/div>\n<\/div>\n<\/div>\n\n\n\n<div class=\"wp-block-buttons is-content-justification-center is-layout-flex wp-container-core-buttons-is-layout-16018d1d wp-block-buttons-is-layout-flex\">\n<div class=\"wp-block-button\"><a class=\"wp-block-button__link wp-element-button\" href=\"https:\/\/misa.vrankova-devel2.cz\/subdom\/misa\/kontakt\/\">Kontaktujte ma<\/a><\/div>\n<\/div>\n\n\n\n<h2 id=\"aktualne-vypisane-skolenia\" class=\"wp-block-heading\">Aktu\u00e1lne vyp\u00edsan\u00e9 \u0161kolenia<\/h2>\n\n\n\n<h3 id=\"zaklady-pristupnosti-pre-vyvojarov\" class=\"wp-block-heading\">Z\u00e1klady pr\u00edstupnosti pre v\u00fdvoj\u00e1rov<\/h3>\n\n\n\n<p>Kedy: <strong>8.11.2024 od 9:00 do 12:00<\/strong><br>Cena: <strong>70 \u20ac<\/strong> \/ \u00fa\u010dastn\u00edk<br><\/p>\n\n\n\n<p>Vyvr\u00e1time si m\u00fdty o pr\u00edstupnosti.<\/p>\n\n\n\n<ul class=\"wp-block-list\">\n<li>Vysvetl\u00edme si rozdiel medzi pr\u00edstupnos\u0165ou a dostupnos\u0165ou.<\/li>\n\n\n\n<li>Z\u00edskate povedomie o legislat\u00edvnej \u00faprave pr\u00edstupnosti.<\/li>\n\n\n\n<li>Pozrieme sa spolo\u010dne na \u00fapravu webov a mobiln\u00fdch aplik\u00e1ci\u00ed tak, aby sp\u013a\u0148ali \u0161tandardy pr\u00edstupnosti:\n<ol class=\"wp-block-list\">\n<li>Pre\u010do a ako tvori\u0165 titulky a definova\u0165 jazyk webu,<\/li>\n\n\n\n<li>Pre\u010do je d\u00f4le\u017eit\u00e9 poradie k\u00f3du,<\/li>\n\n\n\n<li>Uk\u00e1\u017eem v praxi, ako z\u00e1sadn\u00e1 je \u0161trukt\u00fara webu &#8211; nadpisy, oblasti, preskakovacie odkazy,<\/li>\n\n\n\n<li>Vysvetl\u00edm z\u00e1sadn\u00fa rolu spr\u00e1vne pomenovan\u00fdch a vytvoren\u00fdch odkazov, tabuliek a zoznamov,<\/li>\n\n\n\n<li>Preberieme pr\u00edstupn\u00fa tvorbu formul\u00e1rov,<\/li>\n\n\n\n<li>Vysvetl\u00edme si pr\u00edstupnos\u0165 multimedi\u00e1lneho obsahu,<\/li>\n\n\n\n<li>Alternat\u00edvny text k obr\u00e1zkom,<\/li>\n\n\n\n<li>Design webu a aplik\u00e1cie &#8211; rozlo\u017eenie prvkov, fonty, kontrasty, riadkovanie a podobne.<\/li>\n<\/ol>\n<\/li>\n<\/ul>\n\n\n\n<p>Ka\u017ed\u00fa teoretick\u00fa \u010das\u0165 uk\u00e1\u017eem aj v praxi, ke\u010f\u017ee sama som pou\u017e\u00edvate\u013ekou screen readera. Prirodzene, bude \u010das aj na v\u0161etky ot\u00e1zky.<\/p>\n\n\n\n<div class=\"wp-block-button\">\n  <a class=\"wp-block-button__link wp-element-button\" href=\"https:\/\/forms.gle\/nETWhibwpijnqLfZ7\" aria-label=\"Registrova\u0165 sa na \u0161kolenie Z\u00e1klady pr\u00edstupnosti pre v\u00fdvoj\u00e1rov\">\n    Registrova\u0165 sa\n  <\/a>\n<\/div>\n\n\n\n<h3 id=\"ako-na-pristupne-texty\" class=\"wp-block-heading\">Ako na pr\u00edstupn\u00e9 texty<\/h3>\n\n\n\n<p>Kedy: <strong>30.11.2024 od 9:00 do 11:00<\/strong><br>Cena: <strong>45 \u20ac<\/strong> \/ \u00fa\u010dastn\u00edk<br><\/p>\n\n\n\n<p>\u010co v\u00e1m to d\u00e1?<\/p>\n\n\n\n<ul class=\"wp-block-list\">\n<li>Vysvetl\u00edme si rozdiely medzi pr\u00edstupnos\u0165ou a dostupnos\u0165ou.<\/li>\n\n\n\n<li>Uk\u00e1\u017eeme si sp\u00f4soby, ak\u00fdmi sa m\u00f4\u017ee pou\u017e\u00edvate\u013e \u010d\u00edta\u010da obrazovky v texte pohybova\u0165.<\/li>\n\n\n\n<li>Uvid\u00edte rozdiel medzi pr\u00edstupn\u00fdm a nepr\u00edstupn\u00fdm textom.<\/li>\n\n\n\n<li>Preberieme sp\u00f4soby, ak\u00fdmi spr\u00edstupni\u0165 text:\n<ol class=\"wp-block-list\">\n<li>Form\u00e1tovanie &#8211; p\u00edsmo, ve\u013ekos\u0165 fontu, riadkovanie, zarovnanie, kontrasty,<\/li>\n\n\n\n<li>\u0160trukt\u00fara textu &#8211; ako tvori\u0165 nadpisy, zoznamy, tabu\u013eky,<\/li>\n\n\n\n<li>Alternat\u00edvny popis obr\u00e1zkov &#8211; \u010do to je a ako s n\u00edm pracova\u0165 &#8211; kedy ho pou\u017ei\u0165, nepou\u017ei\u0165, ako vytv\u00e1ra\u0165 popis grafov, m\u00e1p, diagramov, infograf\u00edk,<\/li>\n\n\n\n<li>Ako formulova\u0165 CTA a z\u00e1stupn\u00fd text odkazov.<\/li>\n<\/ol>\n<\/li>\n<\/ul>\n\n\n\n<p>Ka\u017ed\u00fa teoretick\u00fa \u010das\u0165 uk\u00e1\u017eem aj v praxi, ke\u010f\u017ee sama som pou\u017e\u00edvate\u013ekou screen readera. Prirodzene, bude \u010das aj na v\u0161etky ot\u00e1zky.<\/p>\n\n\n\n<div class=\"wp-block-button\">\n  <a class=\"wp-block-button__link wp-element-button\" href=\"https:\/\/forms.gle\/ngXmzegHs1A2XA3V6\" aria-label=\"Registrova\u0165 sa na \u0161kolenie Ako na pr\u00edstupn\u00e9 texty\">\n    Registrova\u0165 sa\n  <\/a>\n<\/div>\n\n\n\n<h2 id=\"referencie\" class=\"wp-block-heading\">Referencie<\/h2>\n\n\n\n<blockquote class=\"wp-block-quote is-layout-flow wp-block-quote-is-layout-flow\">\n<p>Ve\u013emi zrozumite\u013en\u00e9 vysvetlenia, praktick\u00e9 pr\u00edklady, pohotov\u00e9 reakcie na ot\u00e1zky. \u0160kolite\u013eka je ve\u013emi kompetentn\u00e1, hovor\u00ed k veci, nestr\u00e1ca sa v zbyto\u010dn\u00fdch detailoch, ale pr\u00e1ve naopak vie abstrahova\u0165 podstatn\u00e9 inform\u00e1cie, ktor\u00e9 posluch\u00e1\u010dom pom\u00e1haj\u00fa jasne uchopi\u0165 t\u00e9mu.<\/p>\n<cite><strong>Katar\u00edna, prekladate\u013eka v Eur\u00f3pskom parlamente<\/strong><br>\u0161kolenie prekladate\u013eov Eur\u00f3pskeho parlamentu v oblasti alternat\u00edvneho popisu grafiky<\/cite><\/blockquote>\n\n\n\n<blockquote class=\"wp-block-quote is-layout-flow wp-block-quote-is-layout-flow\">\n<p>Pan\u00ed Dlh\u00e1 s n\u00e1mi spolupracovala p\u0159i testov\u00e1n\u00ed aplikace Melvil z hlediska p\u0159\u00edstupnosti. D\u00edky n\u00ed jsme dok\u00e1zali identifikovat mnoho oblast\u00ed, kde bylo pot\u0159eba zlep\u0161it p\u0159\u00edstupnost aplikace nebo prov\u00e9st jej\u00ed opravy.<\/p>\n\n\n\n<p>Jej\u00ed pe\u010dlivost, ochota a aktivn\u00ed \u00fa\u010dast p\u0159i \u0159e\u0161en\u00ed a konzultac\u00ed probl\u00e9m\u016f n\u00e1m umo\u017enily l\u00e9pe porozum\u011bt pot\u0159eb\u00e1m u\u017eivatel\u016f se zrakov\u00fdm posti\u017een\u00edm a t\u00edm p\u00e1dem vylep\u0161it u\u017eivatelsk\u00fd z\u00e1\u017eitek pro v\u0161echny na\u0161e u\u017eivatele.<\/p>\n<cite><strong>Jitka Pfeiferov\u00e1, Netglade<\/strong><\/cite><\/blockquote>\n\n\n\n<blockquote class=\"wp-block-quote is-layout-flow wp-block-quote-is-layout-flow\">\n<p>Velice praktick\u00fd pohled na v\u011bc, sd\u00edlen\u00e9 z osobn\u00edch zku\u0161enost\u00ed. Hned se mi to v\u0161e l\u00e9pe p\u0159edstavuje, oproti v\u00e1gn\u011b napsan\u00fdm anglick\u00fdm \u010dl\u00e1nk\u016fm, kter\u00e9 jsem na t\u00e9ma p\u0159\u00edstupnosti \u010detla, to bylo \u00fapln\u011b dokonal\u00e9 a nejlep\u0161\u00ed.<\/p>\n<cite><strong>\u00da\u010dastn\u00ed\u010dka Digit\u00e1ln\u00ed akad\u00e9mie Czechitas<\/strong><\/cite><\/blockquote>\n\n\n\n<div class=\"wp-block-buttons is-content-justification-center is-layout-flex wp-container-core-buttons-is-layout-16018d1d wp-block-buttons-is-layout-flex\">\n<div class=\"wp-block-button\"><a class=\"wp-block-button__link wp-element-button\" href=\"\/referencie\/\">V\u0161etky referencie<\/a><\/div>\n<\/div>\n","protected":false},"excerpt":{"rendered":"<p>Ahoj, som Michaela Dlh\u00e1 a som \u0161pecialista na pr\u00edstupnos\u0165 webu. Mojou v\u00fdhodou je, \u017ee dok\u00e1\u017eem testova\u0165 web aj mobiln\u00fa aplik\u00e1ciu nielen z h\u013eadiska povinn\u00e9ho s\u00faladu so z\u00e1konmi, ale aj ako re\u00e1lny pou\u017e\u00edvate\u013e \u010d\u00edta\u010da obrazovky. Som NVDA 2019 a 2022 certified expert. V s\u00fa\u010dasnosti sa pripravujem na sk\u00fa\u0161ky Web Accesibility Specialist. 30+ otestovan\u00fdch web\u016f 60+ pre\u0161kolen\u00fdch &#8230; <a title=\"\u00davodn\u00e1 str\u00e1nka\" class=\"read-more\" href=\"https:\/\/misa.vrankova-devel2.cz\/subdom\/misa\/\" aria-label=\"Pre\u010d\u00edtajte si viac o \u00davodn\u00e1 str\u00e1nka\">\u010c\u00edta\u0165 viac<\/a><\/p>\n","protected":false},"author":1,"featured_media":0,"parent":0,"menu_order":1,"comment_status":"closed","ping_status":"closed","template":"","meta":{"inline_featured_image":false,"footnotes":""},"class_list":["post-25","page","type-page","status-publish"],"_links":{"self":[{"href":"https:\/\/misa.vrankova-devel2.cz\/subdom\/misa\/wp-json\/wp\/v2\/pages\/25","targetHints":{"allow":["GET"]}}],"collection":[{"href":"https:\/\/misa.vrankova-devel2.cz\/subdom\/misa\/wp-json\/wp\/v2\/pages"}],"about":[{"href":"https:\/\/misa.vrankova-devel2.cz\/subdom\/misa\/wp-json\/wp\/v2\/types\/page"}],"author":[{"embeddable":true,"href":"https:\/\/misa.vrankova-devel2.cz\/subdom\/misa\/wp-json\/wp\/v2\/users\/1"}],"replies":[{"embeddable":true,"href":"https:\/\/misa.vrankova-devel2.cz\/subdom\/misa\/wp-json\/wp\/v2\/comments?post=25"}],"version-history":[{"count":65,"href":"https:\/\/misa.vrankova-devel2.cz\/subdom\/misa\/wp-json\/wp\/v2\/pages\/25\/revisions"}],"predecessor-version":[{"id":465,"href":"https:\/\/misa.vrankova-devel2.cz\/subdom\/misa\/wp-json\/wp\/v2\/pages\/25\/revisions\/465"}],"wp:attachment":[{"href":"https:\/\/misa.vrankova-devel2.cz\/subdom\/misa\/wp-json\/wp\/v2\/media?parent=25"}],"curies":[{"name":"wp","href":"https:\/\/api.w.org\/{rel}","templated":true}]}}