{"id":466,"date":"2024-12-17T16:34:10","date_gmt":"2024-12-17T15:34:10","guid":{"rendered":"http:\/\/misa.vrankova-devel2.cz\/subdom\/misa\/?page_id=466"},"modified":"2024-12-17T16:37:02","modified_gmt":"2024-12-17T15:37:02","slug":"referencie","status":"publish","type":"page","link":"https:\/\/misa.vrankova-devel2.cz\/subdom\/misa\/referencie\/","title":{"rendered":"Referencie"},"content":{"rendered":"\n<h2 class=\"wp-block-heading likeh3\" id=\"revizia-pristupnosti-komponentov\">Rev\u00edzia pr\u00edstupnosti komponentov<\/h2>\n\n\n\n<blockquote class=\"wp-block-quote is-layout-flow wp-block-quote-is-layout-flow\">\n<p>Pro projekt na\u0161eho dlouholet\u00e9ho z\u00e1kazn\u00edka tvo\u0159\u00edme komponentovou knihovnu. Pan\u00ed Michaelu Dlouhou jsme oslovili, aby n\u00e1m zrevidovala p\u0159\u00edstupnost na\u0161ich komponent\u016f.<\/p>\n\n\n\n<p>V\u00fdstupy byly jasn\u00e9 a nav\u00edc obohacen\u00e9 \u00favodn\u00edm \u0161kolen\u00edm pro zorientov\u00e1n\u00ed se v problematice a n\u00e1sledn\u00fdm detailn\u00edm vysv\u011btlen\u00edm v\u0161ech zji\u0161t\u011bn\u00ed podle dohodnut\u00fdch sm\u011brnic a vybran\u00e9 \u00farovn\u011b p\u0159\u00edstupnosti. Jak velk\u00e9 plus vyzdvihuji samotn\u00e9 testov\u00e1n\u00ed komponent, kter\u00e9 je na vysok\u00e9 \u00farovni, a na kter\u00e9 r\u00e1di nav\u00e1\u017eeme p\u0159i implementaci p\u0159\u00edstupn\u00fdch web\u016f slo\u017een\u00fdch z t\u00e9to knihovny nebo dal\u0161\u00edch nov\u00fdch komponent\u016f.<\/p>\n<cite><strong>Notum Technologies, s.r.o.<\/strong><\/cite><\/blockquote>\n\n\n\n<h2 id=\"skolenie-nvda\" class=\"wp-block-heading likeh3\">\u0160kolenie NVDA<\/h2>\n\n\n\n<blockquote class=\"wp-block-quote is-layout-flow wp-block-quote-is-layout-flow\">\n<p>T\u00e9ma bylo vysv\u011btleno dostate\u010dn\u011b srozumiteln\u011b a prakticky, i s p\u0159\u00edklady, tak\u017ee to bylo pro n\u00e1s \u201esnadno straviteln\u00e9\u201c. Ode\u0161li jsme s t\u00edm, \u017ee v\u00edme NVDA pou\u017e\u00edt alespo\u0148 na z\u00e1kladn\u00ed \u00farovni, abychom si um\u011bli nam\u00e1tkov\u011b otestovat, pokud vyv\u00edj\u00edme n\u011bjakou webovou aplikaci. Tak\u017ee spokojenost.<\/p>\n<cite><strong>T\u00edm ITERA Slovakia<\/strong><\/cite><\/blockquote>\n\n\n\n<h2 id=\"skolenie-prekladatelov-europskeho-parlamentu\" class=\"wp-block-heading likeh3\">\u0160kolenie prekladate\u013eov Eur\u00f3pskeho parlamentu<\/h2>\n\n\n\n<blockquote class=\"wp-block-quote is-layout-flow wp-block-quote-is-layout-flow\">\n<p>Ve\u013emi zrozumite\u013en\u00e9 vysvetlenia, praktick\u00e9 pr\u00edklady, pohotov\u00e9 reakcie na ot\u00e1zky. \u0160kolite\u013eka je ve\u013emi kompetentn\u00e1, hovor\u00ed k veci, nestr\u00e1ca sa v zbyto\u010dn\u00fdch detailoch, ale pr\u00e1ve naopak vie abstrahova\u0165 podstatn\u00e9 inform\u00e1cie, ktor\u00e9 posluch\u00e1\u010dom pom\u00e1haj\u00fa jasne uchopi\u0165 t\u00e9mu.<\/p>\n<cite><strong>Katar\u00edna, prekladate\u013eka v Eur\u00f3pskom parlamente<\/strong><br>\u0161kolenie prekladate\u013eov Eur\u00f3pskeho parlamentu v oblasti alternat\u00edvneho popisu grafiky<\/cite><\/blockquote>\n\n\n\n<h2 id=\"testovanie-aplikacie-melvil\" class=\"wp-block-heading likeh3\">Testovanie aplik\u00e1cie Melvil<\/h2>\n\n\n\n<blockquote class=\"wp-block-quote is-layout-flow wp-block-quote-is-layout-flow\">\n<p>Pan\u00ed Dlh\u00e1 s n\u00e1mi spolupracovala p\u0159i testov\u00e1n\u00ed aplikace Melvil z hlediska p\u0159\u00edstupnosti. D\u00edky n\u00ed jsme dok\u00e1zali identifikovat mnoho oblast\u00ed, kde bylo pot\u0159eba zlep\u0161it p\u0159\u00edstupnost aplikace nebo prov\u00e9st jej\u00ed opravy.<\/p>\n\n\n\n<p>Jej\u00ed pe\u010dlivost, ochota a aktivn\u00ed \u00fa\u010dast p\u0159i \u0159e\u0161en\u00ed a konzultac\u00ed probl\u00e9m\u016f n\u00e1m umo\u017enily l\u00e9pe porozum\u011bt pot\u0159eb\u00e1m u\u017eivatel\u016f se zrakov\u00fdm posti\u017een\u00edm a t\u00edm p\u00e1dem vylep\u0161it u\u017eivatelsk\u00fd z\u00e1\u017eitek pro v\u0161echny na\u0161e u\u017eivatele.<\/p>\n<cite><strong>Jitka Pfeiferov\u00e1, Netglade<\/strong><\/cite><\/blockquote>\n\n\n\n<h2 id=\"digitalna-akademia-czechitas\" class=\"wp-block-heading likeh3\">Digit\u00e1lna akad\u00e9mia Czechitas<\/h2>\n\n\n\n<blockquote class=\"wp-block-quote is-layout-flow wp-block-quote-is-layout-flow\">\n<p>Velice praktick\u00fd pohled na v\u011bc, sd\u00edlen\u00e9 z osobn\u00edch zku\u0161enost\u00ed. Hned se mi to v\u0161e l\u00e9pe p\u0159edstavuje, oproti v\u00e1gn\u011b napsan\u00fdm anglick\u00fdm \u010dl\u00e1nk\u016fm, kter\u00e9 jsem na t\u00e9ma p\u0159\u00edstupnosti \u010detla, to bylo \u00fapln\u011b dokonal\u00e9 a nejlep\u0161\u00ed.<\/p>\n<cite><strong><strong>\u00da\u010dastn\u00ed\u010dka Digit\u00e1ln\u00ed akademie Czechitas<\/strong><\/strong><\/cite><\/blockquote>\n","protected":false},"excerpt":{"rendered":"<p>Rev\u00edzia pr\u00edstupnosti komponentov Pro projekt na\u0161eho dlouholet\u00e9ho z\u00e1kazn\u00edka tvo\u0159\u00edme komponentovou knihovnu. Pan\u00ed Michaelu Dlouhou jsme oslovili, aby n\u00e1m zrevidovala p\u0159\u00edstupnost na\u0161ich komponent\u016f. V\u00fdstupy byly jasn\u00e9 a nav\u00edc obohacen\u00e9 \u00favodn\u00edm \u0161kolen\u00edm pro zorientov\u00e1n\u00ed se v problematice a n\u00e1sledn\u00fdm detailn\u00edm vysv\u011btlen\u00edm v\u0161ech zji\u0161t\u011bn\u00ed podle dohodnut\u00fdch sm\u011brnic a vybran\u00e9 \u00farovn\u011b p\u0159\u00edstupnosti. Jak velk\u00e9 plus vyzdvihuji samotn\u00e9 testov\u00e1n\u00ed komponent, &#8230; <a title=\"Referencie\" class=\"read-more\" href=\"https:\/\/misa.vrankova-devel2.cz\/subdom\/misa\/referencie\/\" aria-label=\"Pre\u010d\u00edtajte si viac o Referencie\">\u010c\u00edta\u0165 viac<\/a><\/p>\n","protected":false},"author":1,"featured_media":0,"parent":0,"menu_order":0,"comment_status":"closed","ping_status":"closed","template":"","meta":{"inline_featured_image":false,"footnotes":""},"class_list":["post-466","page","type-page","status-publish"],"_links":{"self":[{"href":"https:\/\/misa.vrankova-devel2.cz\/subdom\/misa\/wp-json\/wp\/v2\/pages\/466","targetHints":{"allow":["GET"]}}],"collection":[{"href":"https:\/\/misa.vrankova-devel2.cz\/subdom\/misa\/wp-json\/wp\/v2\/pages"}],"about":[{"href":"https:\/\/misa.vrankova-devel2.cz\/subdom\/misa\/wp-json\/wp\/v2\/types\/page"}],"author":[{"embeddable":true,"href":"https:\/\/misa.vrankova-devel2.cz\/subdom\/misa\/wp-json\/wp\/v2\/users\/1"}],"replies":[{"embeddable":true,"href":"https:\/\/misa.vrankova-devel2.cz\/subdom\/misa\/wp-json\/wp\/v2\/comments?post=466"}],"version-history":[{"count":2,"href":"https:\/\/misa.vrankova-devel2.cz\/subdom\/misa\/wp-json\/wp\/v2\/pages\/466\/revisions"}],"predecessor-version":[{"id":473,"href":"https:\/\/misa.vrankova-devel2.cz\/subdom\/misa\/wp-json\/wp\/v2\/pages\/466\/revisions\/473"}],"wp:attachment":[{"href":"https:\/\/misa.vrankova-devel2.cz\/subdom\/misa\/wp-json\/wp\/v2\/media?parent=466"}],"curies":[{"name":"wp","href":"https:\/\/api.w.org\/{rel}","templated":true}]}}